{"id":1494,"date":"2025-05-20T21:33:50","date_gmt":"2025-05-20T21:33:50","guid":{"rendered":"https:\/\/1future.feut.edu.al\/?page_id=1494"},"modified":"2025-05-20T21:33:54","modified_gmt":"2025-05-20T21:33:54","slug":"scientific-board","status":"publish","type":"page","link":"https:\/\/1future.feut.edu.al\/?page_id=1494","title":{"rendered":"Scientific Board"},"content":{"rendered":"\t\t<div data-elementor-type=\"wp-page\" data-elementor-id=\"1494\" class=\"elementor elementor-1494\">\n\t\t\t\t\t\t<section class=\"elementor-section elementor-top-section elementor-element elementor-element-338c5112 elementor-section-boxed elementor-section-height-default elementor-section-height-default\" data-id=\"338c5112\" data-element_type=\"section\">\n\t\t\t\t\t\t<div class=\"elementor-container elementor-column-gap-default\">\n\t\t\t\t\t<div class=\"elementor-column elementor-col-100 elementor-top-column elementor-element elementor-element-d72847f\" data-id=\"d72847f\" data-element_type=\"column\">\n\t\t\t<div class=\"elementor-widget-wrap elementor-element-populated\">\n\t\t\t\t\t\t<div class=\"elementor-element elementor-element-57e3ce5 elementor-widget elementor-widget-text-editor\" data-id=\"57e3ce5\" data-element_type=\"widget\" data-widget_type=\"text-editor.default\">\n\t\t\t\t<div class=\"elementor-widget-container\">\n\t\t\t\t\t\t\t\t\t<h4 class=\"wp-block-heading\" style=\"color:black; font-weight:bold;\">Members of the Scientific Board:<\/h4>\n\n<p style=\"color:black;\">\nAlbana \u00c7ami (Hashorva), University of Tirana, Albania<br \/>\nAna Trombeva Gavriloska, Ss. Cyril and Methodius University in Skopje, North Macedonia<br \/>\nAnni Dasho Sharko, Luarasi University, Albania<br \/>\nBrikena Leka, University of Tirana, Albania<br \/>\nBrunilda Kosta, University of Tirana, Albania<br \/>\nEdisa Nuki\u0107, University of Tuzla, Bosnia and Hercegovina<br \/>\nElona Pojani, University of Tirana, Albania<br \/>\nGentiana Sharku, University of Tirana, Albania<br \/>\nGiulia Lucertini, Iuav University of Venice, Italy<br \/>\nHeike Molitor, Eberswalde University for Sustainable Development, Germany<br \/>\nFilippo Magni, Iuav University of Venice, Italy<br \/>\nFranziska Rottig, Eberswalde University for Sustainable Development, Germany<br \/>\nHenrik Hassel, Lund University, Sweden<br \/>\nJelena Pejovi\u0107, University of Montenegro, Montenegro<br \/>\nJoana Gjipalaj, Polytechnic University of Tirana, Albania<br \/>\nJohan Ingvarson, Lund University, Sweden<br \/>\nKreshnik Vukatana, University of Tirana, Albania<br \/>\nLjiljana Popovi\u0107, University of Novi Sad, Serbia<br \/>\nMarina Rako\u010devi\u0107, University of Montenegro, Montenegro<br \/>\nMarko Z. Markovi\u0107, University of Novi Sad, Serbia<br \/>\nMeri Cvetkovska, Ss. Cyril and Methodius University in Skopje, North Macedonia<br \/>\nMilo\u0161 Kne\u017eevi\u0107, University of Montenegro, Montenegro<br \/>\nMirela Mu\u00e7a, National Agency for Scientific Research and Innovation, Albania<br \/>\nMirzo Selimi\u0107, &#8220;CEPS-Center for Business Studies&#8221;, Bosnia and Hercegovina<br \/>\nNenad Medi\u0107, University of Novi Sad, Serbia<br \/>\nNermin Pali\u0107, &#8220;CEPS-Center for Business Studies&#8221;, Bosnia and Hercegovina<br \/>\nOltion Marko, Polytechnic University of Tirana, Albania<br \/>\nPerseta Grabova, University of Tirana, Albania<br \/>\nSherif Bundo, Luarasi University, Albania<br \/>\nSlobodan Kolakovi\u0107, University of Novi Sad, Serbia<br \/>\nSne\u017eana Rute\u0161i\u0107, University of Montenegro, Montenegro<br \/>\nSuzana Dragani\u0107, University of Novi Sad, Serbia<br \/>\nVittoria Ridolfi, Iuav University of Venice, Italy<br \/>\n\u017deljka Beljka\u0161, University of Montenegro, Montenegro<br \/>\nZvjezdan Karadzin, University of Tuzla, Bosnia and Hercegovina\n<\/p>\n\t\t\t\t\t\t\t\t<\/div>\n\t\t\t\t<\/div>\n\t\t\t\t\t<\/div>\n\t\t<\/div>\n\t\t\t\t\t<\/div>\n\t\t<\/section>\n\t\t\t\t<\/div>\n\t\t<p>Views: 84<\/p>","protected":false},"excerpt":{"rendered":"<p>Members of the Scientific Board: Albana \u00c7ami (Hashorva), University of Tirana, Albania Ana Trombeva Gavriloska, Ss. Cyril and Methodius University in Skopje, North Macedonia Anni Dasho Sharko, Luarasi University, Albania Brikena Leka, University of Tirana, Albania Brunilda Kosta, University of Tirana, Albania Edisa Nuki\u0107, University of Tuzla, Bosnia and Hercegovina Elona Pojani, University of Tirana,&#8230;<\/p>\n","protected":false},"author":1,"featured_media":0,"parent":0,"menu_order":0,"comment_status":"closed","ping_status":"closed","template":"","meta":{"footnotes":""},"class_list":["post-1494","page","type-page","status-publish","hentry"],"yoast_head":"<!-- This site is optimized with the Yoast SEO plugin v25.6 - https:\/\/yoast.com\/wordpress\/plugins\/seo\/ -->\n<title>Scientific Board -<\/title>\n<meta name=\"robots\" content=\"index, follow, max-snippet:-1, max-image-preview:large, max-video-preview:-1\" \/>\n<link rel=\"canonical\" href=\"https:\/\/1future.feut.edu.al\/?page_id=1494\" \/>\n<meta property=\"og:locale\" content=\"en_US\" \/>\n<meta property=\"og:type\" content=\"article\" \/>\n<meta property=\"og:title\" content=\"Scientific Board -\" \/>\n<meta property=\"og:description\" content=\"Members of the Scientific Board: Albana \u00c7ami (Hashorva), University of Tirana, Albania Ana Trombeva Gavriloska, Ss. Cyril and Methodius University in Skopje, North Macedonia Anni Dasho Sharko, Luarasi University, Albania Brikena Leka, University of Tirana, Albania Brunilda Kosta, University of Tirana, Albania Edisa Nuki\u0107, University of Tuzla, Bosnia and Hercegovina Elona Pojani, University of Tirana,...\" \/>\n<meta property=\"og:url\" content=\"https:\/\/1future.feut.edu.al\/?page_id=1494\" \/>\n<meta property=\"article:modified_time\" content=\"2025-05-20T21:33:54+00:00\" \/>\n<meta name=\"twitter:card\" content=\"summary_large_image\" \/>\n<meta name=\"twitter:label1\" content=\"Est. reading time\" \/>\n\t<meta name=\"twitter:data1\" content=\"2 minutes\" \/>\n<script type=\"application\/ld+json\" class=\"yoast-schema-graph\">{\"@context\":\"https:\/\/schema.org\",\"@graph\":[{\"@type\":\"WebPage\",\"@id\":\"https:\/\/1future.feut.edu.al\/?page_id=1494\",\"url\":\"https:\/\/1future.feut.edu.al\/?page_id=1494\",\"name\":\"Scientific Board -\",\"isPartOf\":{\"@id\":\"https:\/\/1future.feut.edu.al\/#website\"},\"datePublished\":\"2025-05-20T21:33:50+00:00\",\"dateModified\":\"2025-05-20T21:33:54+00:00\",\"breadcrumb\":{\"@id\":\"https:\/\/1future.feut.edu.al\/?page_id=1494#breadcrumb\"},\"inLanguage\":\"en-US\",\"potentialAction\":[{\"@type\":\"ReadAction\",\"target\":[\"https:\/\/1future.feut.edu.al\/?page_id=1494\"]}]},{\"@type\":\"BreadcrumbList\",\"@id\":\"https:\/\/1future.feut.edu.al\/?page_id=1494#breadcrumb\",\"itemListElement\":[{\"@type\":\"ListItem\",\"position\":1,\"name\":\"Home\",\"item\":\"https:\/\/1future.feut.edu.al\/\"},{\"@type\":\"ListItem\",\"position\":2,\"name\":\"Scientific Board\"}]},{\"@type\":\"WebSite\",\"@id\":\"https:\/\/1future.feut.edu.al\/#website\",\"url\":\"https:\/\/1future.feut.edu.al\/\",\"name\":\"\",\"description\":\"\",\"potentialAction\":[{\"@type\":\"SearchAction\",\"target\":{\"@type\":\"EntryPoint\",\"urlTemplate\":\"https:\/\/1future.feut.edu.al\/?s={search_term_string}\"},\"query-input\":{\"@type\":\"PropertyValueSpecification\",\"valueRequired\":true,\"valueName\":\"search_term_string\"}}],\"inLanguage\":\"en-US\"}]}<\/script>\n<!-- \/ Yoast SEO plugin. -->","yoast_head_json":{"title":"Scientific Board -","robots":{"index":"index","follow":"follow","max-snippet":"max-snippet:-1","max-image-preview":"max-image-preview:large","max-video-preview":"max-video-preview:-1"},"canonical":"https:\/\/1future.feut.edu.al\/?page_id=1494","og_locale":"en_US","og_type":"article","og_title":"Scientific Board -","og_description":"Members of the Scientific Board: Albana \u00c7ami (Hashorva), University of Tirana, Albania Ana Trombeva Gavriloska, Ss. Cyril and Methodius University in Skopje, North Macedonia Anni Dasho Sharko, Luarasi University, Albania Brikena Leka, University of Tirana, Albania Brunilda Kosta, University of Tirana, Albania Edisa Nuki\u0107, University of Tuzla, Bosnia and Hercegovina Elona Pojani, University of Tirana,...","og_url":"https:\/\/1future.feut.edu.al\/?page_id=1494","article_modified_time":"2025-05-20T21:33:54+00:00","twitter_card":"summary_large_image","twitter_misc":{"Est. reading time":"2 minutes"},"schema":{"@context":"https:\/\/schema.org","@graph":[{"@type":"WebPage","@id":"https:\/\/1future.feut.edu.al\/?page_id=1494","url":"https:\/\/1future.feut.edu.al\/?page_id=1494","name":"Scientific Board -","isPartOf":{"@id":"https:\/\/1future.feut.edu.al\/#website"},"datePublished":"2025-05-20T21:33:50+00:00","dateModified":"2025-05-20T21:33:54+00:00","breadcrumb":{"@id":"https:\/\/1future.feut.edu.al\/?page_id=1494#breadcrumb"},"inLanguage":"en-US","potentialAction":[{"@type":"ReadAction","target":["https:\/\/1future.feut.edu.al\/?page_id=1494"]}]},{"@type":"BreadcrumbList","@id":"https:\/\/1future.feut.edu.al\/?page_id=1494#breadcrumb","itemListElement":[{"@type":"ListItem","position":1,"name":"Home","item":"https:\/\/1future.feut.edu.al\/"},{"@type":"ListItem","position":2,"name":"Scientific Board"}]},{"@type":"WebSite","@id":"https:\/\/1future.feut.edu.al\/#website","url":"https:\/\/1future.feut.edu.al\/","name":"","description":"","potentialAction":[{"@type":"SearchAction","target":{"@type":"EntryPoint","urlTemplate":"https:\/\/1future.feut.edu.al\/?s={search_term_string}"},"query-input":{"@type":"PropertyValueSpecification","valueRequired":true,"valueName":"search_term_string"}}],"inLanguage":"en-US"}]}},"_links":{"self":[{"href":"https:\/\/1future.feut.edu.al\/index.php?rest_route=\/wp\/v2\/pages\/1494","targetHints":{"allow":["GET"]}}],"collection":[{"href":"https:\/\/1future.feut.edu.al\/index.php?rest_route=\/wp\/v2\/pages"}],"about":[{"href":"https:\/\/1future.feut.edu.al\/index.php?rest_route=\/wp\/v2\/types\/page"}],"author":[{"embeddable":true,"href":"https:\/\/1future.feut.edu.al\/index.php?rest_route=\/wp\/v2\/users\/1"}],"replies":[{"embeddable":true,"href":"https:\/\/1future.feut.edu.al\/index.php?rest_route=%2Fwp%2Fv2%2Fcomments&post=1494"}],"version-history":[{"count":8,"href":"https:\/\/1future.feut.edu.al\/index.php?rest_route=\/wp\/v2\/pages\/1494\/revisions"}],"predecessor-version":[{"id":1503,"href":"https:\/\/1future.feut.edu.al\/index.php?rest_route=\/wp\/v2\/pages\/1494\/revisions\/1503"}],"wp:attachment":[{"href":"https:\/\/1future.feut.edu.al\/index.php?rest_route=%2Fwp%2Fv2%2Fmedia&parent=1494"}],"curies":[{"name":"wp","href":"https:\/\/api.w.org\/{rel}","templated":true}]}}