{"id":1504,"date":"2025-05-20T21:36:11","date_gmt":"2025-05-20T21:36:11","guid":{"rendered":"https:\/\/1future.feut.edu.al\/?page_id=1504"},"modified":"2025-05-20T21:38:40","modified_gmt":"2025-05-20T21:38:40","slug":"organizing-team","status":"publish","type":"page","link":"https:\/\/1future.feut.edu.al\/?page_id=1504","title":{"rendered":"Organizing Team"},"content":{"rendered":"\t\t<div data-elementor-type=\"wp-page\" data-elementor-id=\"1504\" class=\"elementor elementor-1504\">\n\t\t\t\t\t\t<section class=\"elementor-section elementor-top-section elementor-element elementor-element-7f755b8f elementor-section-boxed elementor-section-height-default elementor-section-height-default\" data-id=\"7f755b8f\" data-element_type=\"section\">\n\t\t\t\t\t\t<div class=\"elementor-container elementor-column-gap-default\">\n\t\t\t\t\t<div class=\"elementor-column elementor-col-100 elementor-top-column elementor-element elementor-element-24456927\" data-id=\"24456927\" data-element_type=\"column\">\n\t\t\t<div class=\"elementor-widget-wrap elementor-element-populated\">\n\t\t\t\t\t\t<div class=\"elementor-element elementor-element-4777c9d0 elementor-widget elementor-widget-text-editor\" data-id=\"4777c9d0\" data-element_type=\"widget\" data-widget_type=\"text-editor.default\">\n\t\t\t\t<div class=\"elementor-widget-container\">\n\t\t\t\t\t\t\t\t\t<h4 class=\"wp-block-heading\" style=\"color:black; font-weight:bold;\">Members of the Organizing Team:<\/h4>\n\n<p style=\"color:black;\">\nMilo\u0161 Kne\u017eevi\u0107, University of Montenegro, Montenegro<br \/>\nMarina Rako\u010devi\u0107, University of Montenegro, Montenegro<br \/>\nSne\u017eana Rute\u0161i\u0107, University of Montenegro, Montenegro<br \/>\n\u017deljka Beljka\u0161, University of Montenegro, Montenegro<br \/>\nJelena Pejovi\u0107, University of Montenegro, Montenegro<br \/>\nMladen Gogi\u0107, NGO \u201cGra\u0111evinarstvo \u2013 nauka i praksa \u2013 GNP\u201d<br \/>\nZdenka Perovi\u0107, Engineers Chamber of Montenegro, Montenegro<br \/>\nElona Pojani, University of Tirana, Albania<br \/>\nPerseta Grabova, University of Tirana, Albania<br \/>\nBrunilda Kosta, University of Tirana, Albania<br \/>\nMirjana Laban, University of Novi Sad, Serbia<br \/>\nSuzana Dragani\u0107, University of Novi Sad, Serbia\n<\/p>\n\t\t\t\t\t\t\t\t<\/div>\n\t\t\t\t<\/div>\n\t\t\t\t\t<\/div>\n\t\t<\/div>\n\t\t\t\t\t<\/div>\n\t\t<\/section>\n\t\t\t\t<\/div>\n\t\t<p>Views: 57<\/p>","protected":false},"excerpt":{"rendered":"<p>Members of the Organizing Team: Milo\u0161 Kne\u017eevi\u0107, University of Montenegro, Montenegro Marina Rako\u010devi\u0107, University of Montenegro, Montenegro Sne\u017eana Rute\u0161i\u0107, University of Montenegro, Montenegro \u017deljka Beljka\u0161, University of Montenegro, Montenegro Jelena Pejovi\u0107, University of Montenegro, Montenegro Mladen Gogi\u0107, NGO \u201cGra\u0111evinarstvo \u2013 nauka i praksa \u2013 GNP\u201d Zdenka Perovi\u0107, Engineers Chamber of Montenegro, Montenegro Elona Pojani, University&#8230;<\/p>\n","protected":false},"author":1,"featured_media":0,"parent":0,"menu_order":0,"comment_status":"closed","ping_status":"closed","template":"","meta":{"footnotes":""},"class_list":["post-1504","page","type-page","status-publish","hentry"],"yoast_head":"<!-- This site is optimized with the Yoast SEO plugin v25.6 - https:\/\/yoast.com\/wordpress\/plugins\/seo\/ -->\n<title>Organizing Team -<\/title>\n<meta name=\"robots\" content=\"index, follow, max-snippet:-1, max-image-preview:large, max-video-preview:-1\" \/>\n<link rel=\"canonical\" href=\"https:\/\/1future.feut.edu.al\/?page_id=1504\" \/>\n<meta property=\"og:locale\" content=\"en_US\" \/>\n<meta property=\"og:type\" content=\"article\" \/>\n<meta property=\"og:title\" content=\"Organizing Team -\" \/>\n<meta property=\"og:description\" content=\"Members of the Organizing Team: Milo\u0161 Kne\u017eevi\u0107, University of Montenegro, Montenegro Marina Rako\u010devi\u0107, University of Montenegro, Montenegro Sne\u017eana Rute\u0161i\u0107, University of Montenegro, Montenegro \u017deljka Beljka\u0161, University of Montenegro, Montenegro Jelena Pejovi\u0107, University of Montenegro, Montenegro Mladen Gogi\u0107, NGO \u201cGra\u0111evinarstvo \u2013 nauka i praksa \u2013 GNP\u201d Zdenka Perovi\u0107, Engineers Chamber of Montenegro, Montenegro Elona Pojani, University...\" \/>\n<meta property=\"og:url\" content=\"https:\/\/1future.feut.edu.al\/?page_id=1504\" \/>\n<meta property=\"article:modified_time\" content=\"2025-05-20T21:38:40+00:00\" \/>\n<meta name=\"twitter:card\" content=\"summary_large_image\" \/>\n<script type=\"application\/ld+json\" class=\"yoast-schema-graph\">{\"@context\":\"https:\/\/schema.org\",\"@graph\":[{\"@type\":\"WebPage\",\"@id\":\"https:\/\/1future.feut.edu.al\/?page_id=1504\",\"url\":\"https:\/\/1future.feut.edu.al\/?page_id=1504\",\"name\":\"Organizing Team -\",\"isPartOf\":{\"@id\":\"https:\/\/1future.feut.edu.al\/#website\"},\"datePublished\":\"2025-05-20T21:36:11+00:00\",\"dateModified\":\"2025-05-20T21:38:40+00:00\",\"breadcrumb\":{\"@id\":\"https:\/\/1future.feut.edu.al\/?page_id=1504#breadcrumb\"},\"inLanguage\":\"en-US\",\"potentialAction\":[{\"@type\":\"ReadAction\",\"target\":[\"https:\/\/1future.feut.edu.al\/?page_id=1504\"]}]},{\"@type\":\"BreadcrumbList\",\"@id\":\"https:\/\/1future.feut.edu.al\/?page_id=1504#breadcrumb\",\"itemListElement\":[{\"@type\":\"ListItem\",\"position\":1,\"name\":\"Home\",\"item\":\"https:\/\/1future.feut.edu.al\/\"},{\"@type\":\"ListItem\",\"position\":2,\"name\":\"Organizing Team\"}]},{\"@type\":\"WebSite\",\"@id\":\"https:\/\/1future.feut.edu.al\/#website\",\"url\":\"https:\/\/1future.feut.edu.al\/\",\"name\":\"\",\"description\":\"\",\"potentialAction\":[{\"@type\":\"SearchAction\",\"target\":{\"@type\":\"EntryPoint\",\"urlTemplate\":\"https:\/\/1future.feut.edu.al\/?s={search_term_string}\"},\"query-input\":{\"@type\":\"PropertyValueSpecification\",\"valueRequired\":true,\"valueName\":\"search_term_string\"}}],\"inLanguage\":\"en-US\"}]}<\/script>\n<!-- \/ Yoast SEO plugin. -->","yoast_head_json":{"title":"Organizing Team -","robots":{"index":"index","follow":"follow","max-snippet":"max-snippet:-1","max-image-preview":"max-image-preview:large","max-video-preview":"max-video-preview:-1"},"canonical":"https:\/\/1future.feut.edu.al\/?page_id=1504","og_locale":"en_US","og_type":"article","og_title":"Organizing Team -","og_description":"Members of the Organizing Team: Milo\u0161 Kne\u017eevi\u0107, University of Montenegro, Montenegro Marina Rako\u010devi\u0107, University of Montenegro, Montenegro Sne\u017eana Rute\u0161i\u0107, University of Montenegro, Montenegro \u017deljka Beljka\u0161, University of Montenegro, Montenegro Jelena Pejovi\u0107, University of Montenegro, Montenegro Mladen Gogi\u0107, NGO \u201cGra\u0111evinarstvo \u2013 nauka i praksa \u2013 GNP\u201d Zdenka Perovi\u0107, Engineers Chamber of Montenegro, Montenegro Elona Pojani, University...","og_url":"https:\/\/1future.feut.edu.al\/?page_id=1504","article_modified_time":"2025-05-20T21:38:40+00:00","twitter_card":"summary_large_image","schema":{"@context":"https:\/\/schema.org","@graph":[{"@type":"WebPage","@id":"https:\/\/1future.feut.edu.al\/?page_id=1504","url":"https:\/\/1future.feut.edu.al\/?page_id=1504","name":"Organizing Team -","isPartOf":{"@id":"https:\/\/1future.feut.edu.al\/#website"},"datePublished":"2025-05-20T21:36:11+00:00","dateModified":"2025-05-20T21:38:40+00:00","breadcrumb":{"@id":"https:\/\/1future.feut.edu.al\/?page_id=1504#breadcrumb"},"inLanguage":"en-US","potentialAction":[{"@type":"ReadAction","target":["https:\/\/1future.feut.edu.al\/?page_id=1504"]}]},{"@type":"BreadcrumbList","@id":"https:\/\/1future.feut.edu.al\/?page_id=1504#breadcrumb","itemListElement":[{"@type":"ListItem","position":1,"name":"Home","item":"https:\/\/1future.feut.edu.al\/"},{"@type":"ListItem","position":2,"name":"Organizing Team"}]},{"@type":"WebSite","@id":"https:\/\/1future.feut.edu.al\/#website","url":"https:\/\/1future.feut.edu.al\/","name":"","description":"","potentialAction":[{"@type":"SearchAction","target":{"@type":"EntryPoint","urlTemplate":"https:\/\/1future.feut.edu.al\/?s={search_term_string}"},"query-input":{"@type":"PropertyValueSpecification","valueRequired":true,"valueName":"search_term_string"}}],"inLanguage":"en-US"}]}},"_links":{"self":[{"href":"https:\/\/1future.feut.edu.al\/index.php?rest_route=\/wp\/v2\/pages\/1504","targetHints":{"allow":["GET"]}}],"collection":[{"href":"https:\/\/1future.feut.edu.al\/index.php?rest_route=\/wp\/v2\/pages"}],"about":[{"href":"https:\/\/1future.feut.edu.al\/index.php?rest_route=\/wp\/v2\/types\/page"}],"author":[{"embeddable":true,"href":"https:\/\/1future.feut.edu.al\/index.php?rest_route=\/wp\/v2\/users\/1"}],"replies":[{"embeddable":true,"href":"https:\/\/1future.feut.edu.al\/index.php?rest_route=%2Fwp%2Fv2%2Fcomments&post=1504"}],"version-history":[{"count":4,"href":"https:\/\/1future.feut.edu.al\/index.php?rest_route=\/wp\/v2\/pages\/1504\/revisions"}],"predecessor-version":[{"id":1509,"href":"https:\/\/1future.feut.edu.al\/index.php?rest_route=\/wp\/v2\/pages\/1504\/revisions\/1509"}],"wp:attachment":[{"href":"https:\/\/1future.feut.edu.al\/index.php?rest_route=%2Fwp%2Fv2%2Fmedia&parent=1504"}],"curies":[{"name":"wp","href":"https:\/\/api.w.org\/{rel}","templated":true}]}}