{"id":340,"date":"2023-06-29T15:24:23","date_gmt":"2023-06-29T15:24:23","guid":{"rendered":"https:\/\/1future.feut.edu.al\/?page_id=340"},"modified":"2024-10-30T17:40:05","modified_gmt":"2024-10-30T17:40:05","slug":"reports","status":"publish","type":"page","link":"https:\/\/1future.feut.edu.al\/?page_id=340","title":{"rendered":"Reports"},"content":{"rendered":"\n<ul class=\"wp-block-list\">\n<li><a href=\"https:\/\/1future.feut.edu.al\/wp-content\/uploads\/2023\/06\/European-SME-Going-Green-2030-Report.pdf\" data-type=\"attachment\" data-id=\"438\">European SME Going Green 2030 Report<\/a><\/li>\n\n\n\n<li><a href=\"https:\/\/1future.feut.edu.al\/wp-content\/uploads\/2023\/06\/Experiences-From-Pilot-Studies-In-Measuring-The-Sustainability-Of-Tourism-A-Synopsis-For-Policy-Makers.pdf\" data-type=\"attachment\" data-id=\"439\">Experiences From Pilot Studies In Measuring The Sustainability Of Tourism A Synopsis For Policy Makers<\/a><\/li>\n\n\n\n<li><a href=\"https:\/\/1future.feut.edu.al\/wp-content\/uploads\/2023\/06\/Klimaschutz-auf-der-Mittelstrecke-Flugzeug-und-autofreies-Reisen-in-Europa.pdf\" data-type=\"attachment\" data-id=\"440\">Klimaschutz auf der Mittelstrecke Flugzeug- und autofreies Reisen in Europa<\/a><\/li>\n\n\n\n<li><a href=\"https:\/\/1future.feut.edu.al\/wp-content\/uploads\/2023\/06\/Klimaschutz-auf-der-Mittelstrecke-Handbuch_final.pdf\" data-type=\"attachment\" data-id=\"441\">Klimaschutz auf der Mittelstrecke Handbuch<\/a><\/li>\n\n\n\n<li><a href=\"https:\/\/1future.feut.edu.al\/wp-content\/uploads\/2023\/06\/Sustainability-in-tourism-developments-approaches-and-clarification-of-terms.pdf\" data-type=\"attachment\" data-id=\"442\">Sustainability in tourism developments, approaches and clarification of terms<\/a><\/li>\n\n\n\n<li><a href=\"https:\/\/1future.feut.edu.al\/wp-content\/uploads\/2024\/10\/Dokumenti_i_paketes_informuese_mbi_pergjegjesite_e_PV_-Lezhe.pdf\">Dokumenti i paket\u00ebs informuese mbi p\u00ebrgjegj\u00ebsit\u00eb e PV -Lezhe<\/a><\/li>\n\n\n\n<li><a href=\"https:\/\/1future.feut.edu.al\/wp-content\/uploads\/2024\/10\/Final_SSF_Catch_Monitoring_Report_OK_11zon.pdf\">Final SSF Catch Monitoring Report<\/a><\/li>\n\n\n\n<li><a href=\"https:\/\/1future.feut.edu.al\/wp-content\/uploads\/2024\/10\/GREEN27_ShadowReport_Shqip_webFinal_11zon.pdf\">K\u00ebndv\u00ebshtrimi alternativ i progresit mjedisor<\/a><\/li>\n\n\n\n<li><a href=\"https:\/\/1future.feut.edu.al\/wp-content\/uploads\/2024\/10\/Guida_Edukimin_Mjedisor_CEPF_OK_11zon.pdf\">Guid\u00eb p\u00ebr edukimin mjedisor<\/a><\/li>\n\n\n\n<li><a href=\"https:\/\/1future.feut.edu.al\/wp-content\/uploads\/2024\/10\/Identified_Problems_and_Emerged_Recommendations_for_OK.pdf\">Identified Problems and Emerged Recommendations for MPA Karaburun-Sazani by following a participatory approach<\/a><\/li>\n\n\n\n<li><a href=\"https:\/\/1future.feut.edu.al\/wp-content\/uploads\/2024\/10\/Programi_i_monitorimt_dhe_strategjia_e_advokimit_-Rrjeti_Lezhe.pdf\">Programi i Monitorimit Watch-Dog dhe Strategjia e Advokimit<\/a><\/li>\n\n\n\n<li><a href=\"https:\/\/1future.feut.edu.al\/wp-content\/uploads\/2024\/10\/Raport-i-ndikimit-te-CC-OSBE.pdf\">Report-Regional Assessment for South-Eastern Europe Security implications of climate change<\/a><\/li>\n\n\n\n<li><a href=\"https:\/\/1future.feut.edu.al\/wp-content\/uploads\/2024\/10\/Raporti_i_problematikave-Rrjeti_HAS_11zon.pdf\">Rrjet\u00ebzimi dhe Advokim p\u00ebr Aksione Komunitare t\u00eb Ruajtjes s\u00eb Burimeve Natyrore Lokale<\/a><\/li>\n\n\n\n<li><a href=\"https:\/\/1future.feut.edu.al\/wp-content\/uploads\/2024\/10\/Raporti_i_vleresimit_Final_SENiOR-II_11zon.pdf\">Raporti i Vler\u00ebsimit dhe Informimit p\u00ebr 9 Rajonet Pilote t\u00eb Monitorimit t\u00eb Pjes\u00ebmarrjes Publike dhe P\u00ebrfshirjes s\u00eb OJF-ve n\u00eb Strukturat Vendimmarr\u00ebse<\/a><\/li>\n\n\n\n<li><a href=\"https:\/\/1future.feut.edu.al\/wp-content\/uploads\/2024\/10\/Raporti_i_vleresimit_te_problematikave-Divjake_11zon.pdf\">Raporti i Vler\u00ebsimit t\u00eb Problematikave Mjedisore t\u00eb Territorit t\u00eb Bashkis\u00eb Divjak\u00eb<\/a><\/li>\n\n\n\n<li><a href=\"https:\/\/1future.feut.edu.al\/wp-content\/uploads\/2024\/10\/Raporti_vleresimit_te_problemetikave_te_territorit_te_bashkise_se_Lezhes_11zon.pdf\">Raporti i Vler\u00ebsimit t\u00eb Problematikave Mjedisore t\u00eb Territorit t\u00eb Bashkis\u00eb s\u00eb Lezh\u00ebs<\/a><\/li>\n\n\n\n<li><a href=\"https:\/\/1future.feut.edu.al\/wp-content\/uploads\/2024\/10\/RENJK_60_vnr-report-revision-7.pdf\">Albania Voluntary National Review on SDGs<\/a><\/li>\n\n\n\n<li><a href=\"https:\/\/1future.feut.edu.al\/wp-content\/uploads\/2024\/10\/Report_about_the_Karaburun__Sazani_OK__11zon.pdf\">Report about the Karaburun-Sazani MPA managerial features<\/a><\/li>\n\n\n\n<li><a href=\"https:\/\/1future.feut.edu.al\/wp-content\/uploads\/2024\/10\/Rrugetimi_drejt_Parisit_2015.pdf\">Rrug\u00ebtimi drejt Parisit 2015 \u201cp\u00ebr integrimin e \u00e7\u00ebshtjeve t\u00eb NK n\u00eb politikat dhe dokumentet strategjike t\u00eb vendit\u201d<\/a><\/li>\n\n\n\n<li><a href=\"https:\/\/1future.feut.edu.al\/wp-content\/uploads\/2024\/10\/Struktura_Plani_Lokal_Veprimit_ne_Mjedis-per-Bashkite_draft_Maj_2022.pdf\">Plani Lokal i Veprimit n\u00eb Mjedis<\/a><\/li>\n\n\n\n<li><a href=\"https:\/\/1future.feut.edu.al\/wp-content\/uploads\/2024\/10\/Udhezues_per_legjislacionin_mjedisor_metodologjine_watch-dog_dhe_strategjine_e_advokimit_ne_mbeshtetje_te_planit_lokal_te_veprimit_ne_mjedis.pdf\">Udh\u00ebzues p\u00ebr Legjislacionin Mjedisor, Metodologjin\u00eb Watch-Dog dhe Strategjin\u00eb e Advokimit n\u00eb Mb\u00ebshtetje t\u00eb Planit Lokal t\u00eb Veprimit n\u00eb Mjedis<\/a><\/li>\n\n\n\n<li><a href=\"https:\/\/1future.feut.edu.al\/wp-content\/uploads\/2024\/10\/WBalkans-stranded-assets.pdf\">Report on the long-term economic viability of constructing new electricity capacities for electricity exports in the Western Balkan countries<\/a><\/li>\n<\/ul>\n<p>Views: 202<\/p>","protected":false},"excerpt":{"rendered":"<p>Views: 202<\/p>\n","protected":false},"author":1,"featured_media":0,"parent":0,"menu_order":0,"comment_status":"closed","ping_status":"closed","template":"","meta":{"footnotes":""},"class_list":["post-340","page","type-page","status-publish","hentry"],"yoast_head":"<!-- This site is optimized with the Yoast SEO plugin v25.6 - https:\/\/yoast.com\/wordpress\/plugins\/seo\/ -->\n<title>Reports -<\/title>\n<meta name=\"robots\" content=\"index, follow, max-snippet:-1, max-image-preview:large, max-video-preview:-1\" \/>\n<link rel=\"canonical\" href=\"https:\/\/1future.feut.edu.al\/?page_id=340\" \/>\n<meta property=\"og:locale\" content=\"en_US\" \/>\n<meta property=\"og:type\" content=\"article\" \/>\n<meta property=\"og:title\" content=\"Reports -\" \/>\n<meta property=\"og:description\" content=\"Views: 202\" \/>\n<meta property=\"og:url\" content=\"https:\/\/1future.feut.edu.al\/?page_id=340\" \/>\n<meta property=\"article:modified_time\" content=\"2024-10-30T17:40:05+00:00\" \/>\n<meta name=\"twitter:card\" content=\"summary_large_image\" \/>\n<meta name=\"twitter:label1\" content=\"Est. reading time\" \/>\n\t<meta name=\"twitter:data1\" content=\"2 minutes\" \/>\n<script type=\"application\/ld+json\" class=\"yoast-schema-graph\">{\"@context\":\"https:\/\/schema.org\",\"@graph\":[{\"@type\":\"WebPage\",\"@id\":\"https:\/\/1future.feut.edu.al\/?page_id=340\",\"url\":\"https:\/\/1future.feut.edu.al\/?page_id=340\",\"name\":\"Reports -\",\"isPartOf\":{\"@id\":\"https:\/\/1future.feut.edu.al\/#website\"},\"datePublished\":\"2023-06-29T15:24:23+00:00\",\"dateModified\":\"2024-10-30T17:40:05+00:00\",\"breadcrumb\":{\"@id\":\"https:\/\/1future.feut.edu.al\/?page_id=340#breadcrumb\"},\"inLanguage\":\"en-US\",\"potentialAction\":[{\"@type\":\"ReadAction\",\"target\":[\"https:\/\/1future.feut.edu.al\/?page_id=340\"]}]},{\"@type\":\"BreadcrumbList\",\"@id\":\"https:\/\/1future.feut.edu.al\/?page_id=340#breadcrumb\",\"itemListElement\":[{\"@type\":\"ListItem\",\"position\":1,\"name\":\"Home\",\"item\":\"https:\/\/1future.feut.edu.al\/\"},{\"@type\":\"ListItem\",\"position\":2,\"name\":\"Reports\"}]},{\"@type\":\"WebSite\",\"@id\":\"https:\/\/1future.feut.edu.al\/#website\",\"url\":\"https:\/\/1future.feut.edu.al\/\",\"name\":\"\",\"description\":\"\",\"potentialAction\":[{\"@type\":\"SearchAction\",\"target\":{\"@type\":\"EntryPoint\",\"urlTemplate\":\"https:\/\/1future.feut.edu.al\/?s={search_term_string}\"},\"query-input\":{\"@type\":\"PropertyValueSpecification\",\"valueRequired\":true,\"valueName\":\"search_term_string\"}}],\"inLanguage\":\"en-US\"}]}<\/script>\n<!-- \/ Yoast SEO plugin. -->","yoast_head_json":{"title":"Reports -","robots":{"index":"index","follow":"follow","max-snippet":"max-snippet:-1","max-image-preview":"max-image-preview:large","max-video-preview":"max-video-preview:-1"},"canonical":"https:\/\/1future.feut.edu.al\/?page_id=340","og_locale":"en_US","og_type":"article","og_title":"Reports -","og_description":"Views: 202","og_url":"https:\/\/1future.feut.edu.al\/?page_id=340","article_modified_time":"2024-10-30T17:40:05+00:00","twitter_card":"summary_large_image","twitter_misc":{"Est. reading time":"2 minutes"},"schema":{"@context":"https:\/\/schema.org","@graph":[{"@type":"WebPage","@id":"https:\/\/1future.feut.edu.al\/?page_id=340","url":"https:\/\/1future.feut.edu.al\/?page_id=340","name":"Reports -","isPartOf":{"@id":"https:\/\/1future.feut.edu.al\/#website"},"datePublished":"2023-06-29T15:24:23+00:00","dateModified":"2024-10-30T17:40:05+00:00","breadcrumb":{"@id":"https:\/\/1future.feut.edu.al\/?page_id=340#breadcrumb"},"inLanguage":"en-US","potentialAction":[{"@type":"ReadAction","target":["https:\/\/1future.feut.edu.al\/?page_id=340"]}]},{"@type":"BreadcrumbList","@id":"https:\/\/1future.feut.edu.al\/?page_id=340#breadcrumb","itemListElement":[{"@type":"ListItem","position":1,"name":"Home","item":"https:\/\/1future.feut.edu.al\/"},{"@type":"ListItem","position":2,"name":"Reports"}]},{"@type":"WebSite","@id":"https:\/\/1future.feut.edu.al\/#website","url":"https:\/\/1future.feut.edu.al\/","name":"","description":"","potentialAction":[{"@type":"SearchAction","target":{"@type":"EntryPoint","urlTemplate":"https:\/\/1future.feut.edu.al\/?s={search_term_string}"},"query-input":{"@type":"PropertyValueSpecification","valueRequired":true,"valueName":"search_term_string"}}],"inLanguage":"en-US"}]}},"_links":{"self":[{"href":"https:\/\/1future.feut.edu.al\/index.php?rest_route=\/wp\/v2\/pages\/340","targetHints":{"allow":["GET"]}}],"collection":[{"href":"https:\/\/1future.feut.edu.al\/index.php?rest_route=\/wp\/v2\/pages"}],"about":[{"href":"https:\/\/1future.feut.edu.al\/index.php?rest_route=\/wp\/v2\/types\/page"}],"author":[{"embeddable":true,"href":"https:\/\/1future.feut.edu.al\/index.php?rest_route=\/wp\/v2\/users\/1"}],"replies":[{"embeddable":true,"href":"https:\/\/1future.feut.edu.al\/index.php?rest_route=%2Fwp%2Fv2%2Fcomments&post=340"}],"version-history":[{"count":5,"href":"https:\/\/1future.feut.edu.al\/index.php?rest_route=\/wp\/v2\/pages\/340\/revisions"}],"predecessor-version":[{"id":1041,"href":"https:\/\/1future.feut.edu.al\/index.php?rest_route=\/wp\/v2\/pages\/340\/revisions\/1041"}],"wp:attachment":[{"href":"https:\/\/1future.feut.edu.al\/index.php?rest_route=%2Fwp%2Fv2%2Fmedia&parent=340"}],"curies":[{"name":"wp","href":"https:\/\/api.w.org\/{rel}","templated":true}]}}