{"id":342,"date":"2023-06-29T15:25:11","date_gmt":"2023-06-29T15:25:11","guid":{"rendered":"https:\/\/1future.feut.edu.al\/?page_id=342"},"modified":"2024-10-31T10:22:18","modified_gmt":"2024-10-31T10:22:18","slug":"international-strategies","status":"publish","type":"page","link":"https:\/\/1future.feut.edu.al\/?page_id=342","title":{"rendered":"International Strategies"},"content":{"rendered":"\n<ul class=\"wp-block-list\">\n<li><a href=\"https:\/\/1future.feut.edu.al\/wp-content\/uploads\/2023\/06\/Paris_agreement_english.pdf\" data-type=\"attachment\" data-id=\"426\">Paris_agreement_english<\/a><\/li>\n\n\n\n<li><a href=\"https:\/\/1future.feut.edu.al\/wp-content\/uploads\/2023\/06\/Paris_agreement_serbian.pdf\" data-type=\"attachment\" data-id=\"427\">Paris_agreement_serbian<\/a><\/li>\n\n\n\n<li><a href=\"https:\/\/1future.feut.edu.al\/wp-content\/uploads\/2023\/06\/RS_Law_on_Climate_Change_serbian.pdf\" data-type=\"attachment\" data-id=\"428\">RS_Law_on_Climate_Change_serbian<\/a><\/li>\n\n\n\n<li><a href=\"https:\/\/1future.feut.edu.al\/wp-content\/uploads\/2023\/06\/RS_Law_on_disaster_risk_reduction_and_emergency_situation_management_serbian.pdf\" data-type=\"attachment\" data-id=\"429\">RS_Law_on_disaster_risk_reduction_and_emergency_situation_management_serbian<\/a><\/li>\n\n\n\n<li><a href=\"https:\/\/1future.feut.edu.al\/wp-content\/uploads\/2023\/06\/RS_Law_on_Environmental_Protection_serbian.pdf\" data-type=\"attachment\" data-id=\"430\">RS_Law_on_Environmental_Protection_serbian<\/a><\/li>\n\n\n\n<li><a href=\"https:\/\/1future.feut.edu.al\/wp-content\/uploads\/2023\/06\/SDGs_english.pdf\" data-type=\"attachment\" data-id=\"431\">SDGs_english<\/a><\/li>\n\n\n\n<li><a href=\"https:\/\/1future.feut.edu.al\/wp-content\/uploads\/2023\/06\/Sendai_framework_for_disaster_risk_reduction_english.pdf\" data-type=\"attachment\" data-id=\"432\">Sendai_framework_for_disaster_risk_reduction_english<\/a><\/li>\n\n\n\n<li><a href=\"https:\/\/1future.feut.edu.al\/wp-content\/uploads\/2023\/06\/UNS_Environmental_protection_and_sustainable_development_policy_serbian.pdf\" data-type=\"attachment\" data-id=\"433\">UNS_Environmental_protection_and_sustainable_development_policy_serbian<\/a><\/li>\n\n\n\n<li><a href=\"https:\/\/1future.feut.edu.al\/wp-content\/uploads\/2023\/06\/SDGs_serbian.pdf\" data-type=\"attachment\" data-id=\"434\">SDGs_serbian<\/a><\/li>\n\n\n\n<li><a href=\"https:\/\/1future.feut.edu.al\/wp-content\/uploads\/2023\/06\/Sendai_framework_for_disaster_risk_reduction_serbian.pdf\" data-type=\"attachment\" data-id=\"435\">Sendai_framework_for_disaster_risk_reduction_serbian<\/a><\/li>\n\n\n\n<li><a href=\"https:\/\/1future.feut.edu.al\/wp-content\/uploads\/2024\/10\/Albania-Policy-recommendation.pdf\">Albania Policy recommendation<\/a><\/li>\n\n\n\n<li><a href=\"https:\/\/1future.feut.edu.al\/wp-content\/uploads\/2024\/10\/Albania-Revised-NDC.pdf\">Albania Revised NDC<\/a><\/li>\n\n\n\n<li><a href=\"https:\/\/1future.feut.edu.al\/wp-content\/uploads\/2024\/10\/Blueprint_cyber_122019.pdf\">Final Report of a study on cybersecurity in the energy sector of the Energy Community<\/a><\/li>\n\n\n\n<li><a href=\"https:\/\/1future.feut.edu.al\/wp-content\/uploads\/2024\/10\/Climate_change_adaptation_in_South_Easte.pdf\">Climate change adaptation in South Easte<\/a><\/li>\n\n\n\n<li><a href=\"https:\/\/1future.feut.edu.al\/wp-content\/uploads\/2024\/10\/com97_599_en.pdf\">White Paper for a Community Strategy and Action Plan<\/a><\/li>\n\n\n\n<li><a href=\"https:\/\/1future.feut.edu.al\/wp-content\/uploads\/2024\/10\/ENGLISH_SEA_TURTLE_ACTION_PLAN_HighRes.pdf\">Action Plan for the Conservation of Sea Turtles and their Habitats in Albania<\/a><\/li>\n\n\n\n<li><a href=\"https:\/\/1future.feut.edu.al\/wp-content\/uploads\/2024\/10\/FIFTH-NATIONAL-REPORT-OF-ALBANIA-TO-THE-UNITED-NATIONS-CONVENTION-ON-BIOLOGICAL-DIVERSITY-CBD.pdf\">Fifth National Report Of Albania To The United Nations Convention On Biological Diversity (Cbd)<\/a><\/li>\n\n\n\n<li><a href=\"https:\/\/1future.feut.edu.al\/wp-content\/uploads\/2024\/10\/Financing-hydropower-southeast-Europe-web-fin.pdf\">Financing for hydropower in protected areas in Southeast Europe: 2018 update<\/a><\/li>\n\n\n\n<li><a href=\"https:\/\/1future.feut.edu.al\/wp-content\/uploads\/2024\/10\/NREAP_2016_AL.pdf\">National Action Plan for Renewable Energy Resources in Albania 2015-2020<\/a><\/li>\n\n\n\n<li><a href=\"https:\/\/1future.feut.edu.al\/wp-content\/uploads\/2024\/10\/RECG_Updates_032019.pdf\">Latest updates in the implementation of renewable energy acquis<\/a><\/li>\n\n\n\n<li><a href=\"https:\/\/1future.feut.edu.al\/wp-content\/uploads\/2024\/10\/Regional-CS-NA-Annex-4-ALBANIA-brief-final.pdf\">Regional CS NA Annex 4 ALBANIA brief<\/a><\/li>\n\n\n\n<li><a href=\"https:\/\/1future.feut.edu.al\/wp-content\/uploads\/2024\/10\/Renewable-Energy.pdf\">Renewable Energy<\/a><\/li>\n\n\n\n<li><a href=\"https:\/\/1future.feut.edu.al\/wp-content\/uploads\/2024\/10\/Semani-Final-RBMP_AL-rev-B-final-Copy.pdf\">Plani P\u00ebrfundimtar i Menaxhimit p\u00ebr Basenin Ujor Seman, Dhjetor 2017<\/a><\/li>\n\n\n\n<li><a href=\"https:\/\/1future.feut.edu.al\/wp-content\/uploads\/2024\/10\/Strategjia_dhe_Plani_i_Veprimit-aarhus.pdf\">Strategjia dhe Plani Kombetar i Veprimit p\u00ebr zbatimin e Konvent\u00ebs s\u00eb \u00c5arhusit<\/a><\/li>\n\n\n\n<li><a href=\"https:\/\/1future.feut.edu.al\/wp-content\/uploads\/2024\/10\/Strategjia_Kombetare_e_Menaxhimit_te_Burimeve_Ujore_11zon-1.pdf\">Strategjia Kombetare e Menaxhimit te Burimeve Ujore<\/a><\/li>\n\n\n\n<li><a href=\"https:\/\/1future.feut.edu.al\/wp-content\/uploads\/2024\/10\/STRATEGJIA_SEKTORIALE_-_PKST_ALPE_-_JANAR_2018_11zon-1.pdf\">Plani I Komb\u00ebtar Sektorial I Turizmit P\u00ebr Rajonin E Alpeve Shqiptare<\/a><\/li>\n\n\n\n<li><a href=\"https:\/\/1future.feut.edu.al\/wp-content\/uploads\/2024\/10\/tda_final_11zon-1.pdf\">Drin Basin Transboundary Diagnostic Analysis<\/a><\/li>\n\n\n\n<li><a href=\"https:\/\/1future.feut.edu.al\/wp-content\/uploads\/2024\/10\/The-EU-strategy-for-the-Danube-Region.pdf\">The EU Strategy for the Danube Region (EUSDR)<\/a><\/li>\n\n\n\n<li><a href=\"https:\/\/1future.feut.edu.al\/wp-content\/uploads\/2024\/10\/TNC_COMPLETE-1.pdf\">Third National Communication of the Republic of Albania under the United Nations Framework Convention on Climate Change<\/a><\/li>\n\n\n\n<li><a href=\"https:\/\/1future.feut.edu.al\/wp-content\/uploads\/2024\/10\/WBEC-REG-ENE-01-Final-Report-05.12a.pdf\">Regional Strategy For Sustainable Hydropower In The Western Balkans<\/a><\/li>\n\n\n\n<li><a href=\"https:\/\/1future.feut.edu.al\/wp-content\/uploads\/2024\/10\/who-pays-who-profits_11zon.pdf\">Western Balkans hydropower Who pays, who profits?<\/a><\/li>\n<\/ul>\n<p>Views: 125<\/p>","protected":false},"excerpt":{"rendered":"<p>Views: 125<\/p>\n","protected":false},"author":1,"featured_media":0,"parent":0,"menu_order":0,"comment_status":"closed","ping_status":"closed","template":"","meta":{"footnotes":""},"class_list":["post-342","page","type-page","status-publish","hentry"],"yoast_head":"<!-- This site is optimized with the Yoast SEO plugin v25.6 - https:\/\/yoast.com\/wordpress\/plugins\/seo\/ -->\n<title>International Strategies -<\/title>\n<meta name=\"robots\" content=\"index, follow, max-snippet:-1, max-image-preview:large, max-video-preview:-1\" \/>\n<link rel=\"canonical\" href=\"https:\/\/1future.feut.edu.al\/?page_id=342\" \/>\n<meta property=\"og:locale\" content=\"en_US\" \/>\n<meta property=\"og:type\" content=\"article\" \/>\n<meta property=\"og:title\" content=\"International Strategies -\" \/>\n<meta property=\"og:description\" content=\"Views: 125\" \/>\n<meta property=\"og:url\" content=\"https:\/\/1future.feut.edu.al\/?page_id=342\" \/>\n<meta property=\"article:modified_time\" content=\"2024-10-31T10:22:18+00:00\" \/>\n<meta name=\"twitter:card\" content=\"summary_large_image\" \/>\n<meta name=\"twitter:label1\" content=\"Est. reading time\" \/>\n\t<meta name=\"twitter:data1\" content=\"1 minute\" \/>\n<script type=\"application\/ld+json\" class=\"yoast-schema-graph\">{\"@context\":\"https:\/\/schema.org\",\"@graph\":[{\"@type\":\"WebPage\",\"@id\":\"https:\/\/1future.feut.edu.al\/?page_id=342\",\"url\":\"https:\/\/1future.feut.edu.al\/?page_id=342\",\"name\":\"International Strategies -\",\"isPartOf\":{\"@id\":\"https:\/\/1future.feut.edu.al\/#website\"},\"datePublished\":\"2023-06-29T15:25:11+00:00\",\"dateModified\":\"2024-10-31T10:22:18+00:00\",\"breadcrumb\":{\"@id\":\"https:\/\/1future.feut.edu.al\/?page_id=342#breadcrumb\"},\"inLanguage\":\"en-US\",\"potentialAction\":[{\"@type\":\"ReadAction\",\"target\":[\"https:\/\/1future.feut.edu.al\/?page_id=342\"]}]},{\"@type\":\"BreadcrumbList\",\"@id\":\"https:\/\/1future.feut.edu.al\/?page_id=342#breadcrumb\",\"itemListElement\":[{\"@type\":\"ListItem\",\"position\":1,\"name\":\"Home\",\"item\":\"https:\/\/1future.feut.edu.al\/\"},{\"@type\":\"ListItem\",\"position\":2,\"name\":\"International Strategies\"}]},{\"@type\":\"WebSite\",\"@id\":\"https:\/\/1future.feut.edu.al\/#website\",\"url\":\"https:\/\/1future.feut.edu.al\/\",\"name\":\"\",\"description\":\"\",\"potentialAction\":[{\"@type\":\"SearchAction\",\"target\":{\"@type\":\"EntryPoint\",\"urlTemplate\":\"https:\/\/1future.feut.edu.al\/?s={search_term_string}\"},\"query-input\":{\"@type\":\"PropertyValueSpecification\",\"valueRequired\":true,\"valueName\":\"search_term_string\"}}],\"inLanguage\":\"en-US\"}]}<\/script>\n<!-- \/ Yoast SEO plugin. -->","yoast_head_json":{"title":"International Strategies -","robots":{"index":"index","follow":"follow","max-snippet":"max-snippet:-1","max-image-preview":"max-image-preview:large","max-video-preview":"max-video-preview:-1"},"canonical":"https:\/\/1future.feut.edu.al\/?page_id=342","og_locale":"en_US","og_type":"article","og_title":"International Strategies -","og_description":"Views: 125","og_url":"https:\/\/1future.feut.edu.al\/?page_id=342","article_modified_time":"2024-10-31T10:22:18+00:00","twitter_card":"summary_large_image","twitter_misc":{"Est. reading time":"1 minute"},"schema":{"@context":"https:\/\/schema.org","@graph":[{"@type":"WebPage","@id":"https:\/\/1future.feut.edu.al\/?page_id=342","url":"https:\/\/1future.feut.edu.al\/?page_id=342","name":"International Strategies -","isPartOf":{"@id":"https:\/\/1future.feut.edu.al\/#website"},"datePublished":"2023-06-29T15:25:11+00:00","dateModified":"2024-10-31T10:22:18+00:00","breadcrumb":{"@id":"https:\/\/1future.feut.edu.al\/?page_id=342#breadcrumb"},"inLanguage":"en-US","potentialAction":[{"@type":"ReadAction","target":["https:\/\/1future.feut.edu.al\/?page_id=342"]}]},{"@type":"BreadcrumbList","@id":"https:\/\/1future.feut.edu.al\/?page_id=342#breadcrumb","itemListElement":[{"@type":"ListItem","position":1,"name":"Home","item":"https:\/\/1future.feut.edu.al\/"},{"@type":"ListItem","position":2,"name":"International Strategies"}]},{"@type":"WebSite","@id":"https:\/\/1future.feut.edu.al\/#website","url":"https:\/\/1future.feut.edu.al\/","name":"","description":"","potentialAction":[{"@type":"SearchAction","target":{"@type":"EntryPoint","urlTemplate":"https:\/\/1future.feut.edu.al\/?s={search_term_string}"},"query-input":{"@type":"PropertyValueSpecification","valueRequired":true,"valueName":"search_term_string"}}],"inLanguage":"en-US"}]}},"_links":{"self":[{"href":"https:\/\/1future.feut.edu.al\/index.php?rest_route=\/wp\/v2\/pages\/342","targetHints":{"allow":["GET"]}}],"collection":[{"href":"https:\/\/1future.feut.edu.al\/index.php?rest_route=\/wp\/v2\/pages"}],"about":[{"href":"https:\/\/1future.feut.edu.al\/index.php?rest_route=\/wp\/v2\/types\/page"}],"author":[{"embeddable":true,"href":"https:\/\/1future.feut.edu.al\/index.php?rest_route=\/wp\/v2\/users\/1"}],"replies":[{"embeddable":true,"href":"https:\/\/1future.feut.edu.al\/index.php?rest_route=%2Fwp%2Fv2%2Fcomments&post=342"}],"version-history":[{"count":4,"href":"https:\/\/1future.feut.edu.al\/index.php?rest_route=\/wp\/v2\/pages\/342\/revisions"}],"predecessor-version":[{"id":1066,"href":"https:\/\/1future.feut.edu.al\/index.php?rest_route=\/wp\/v2\/pages\/342\/revisions\/1066"}],"wp:attachment":[{"href":"https:\/\/1future.feut.edu.al\/index.php?rest_route=%2Fwp%2Fv2%2Fmedia&parent=342"}],"curies":[{"name":"wp","href":"https:\/\/api.w.org\/{rel}","templated":true}]}}