{"id":345,"date":"2023-06-29T15:26:15","date_gmt":"2023-06-29T15:26:15","guid":{"rendered":"https:\/\/1future.feut.edu.al\/?page_id=345"},"modified":"2026-03-25T17:25:06","modified_gmt":"2026-03-25T17:25:06","slug":"academic-material","status":"publish","type":"page","link":"https:\/\/1future.feut.edu.al\/?page_id=345","title":{"rendered":"Research Materials"},"content":{"rendered":"\n<ul class=\"wp-block-list\">\n<li><a href=\"https:\/\/1future.feut.edu.al\/wp-content\/uploads\/2023\/06\/My-Fault-or-Default\u2014Household-Behaviors-Living-in-a-Climate-Smart-Building.pdf\" data-type=\"attachment\" data-id=\"422\">My Fault or Default\u2014Household Behaviors Living in a Climate-Smart Building<\/a><\/li>\n\n\n\n<li><a href=\"https:\/\/1future.feut.edu.al\/wp-content\/uploads\/2023\/06\/Robust-municipal-decision-making-A-pilot-study-of-applying-robust-decision-making-in-three-Swedish-municipalities.pdf\" data-type=\"attachment\" data-id=\"423\">Robust municipal decision making A pilot study of applying robust decision making in three Swedish municipalities<\/a><\/li>\n\n\n\n<li><a href=\"https:\/\/1future.feut.edu.al\/wp-content\/uploads\/2023\/06\/Exploring-Factors-Promoting-Recycling-Behavior-in-Student-Housing.pdf\" data-type=\"attachment\" data-id=\"421\">Exploring Factors Promoting Recycling Behavior in Student Housing<\/a><\/li>\n\n\n\n<li><a href=\"https:\/\/1future.feut.edu.al\/wp-content\/uploads\/2024\/10\/Advocacy_Book_Shqip_Final_1_11zon.pdf\">Doracak p\u00ebr ndikimin n\u00eb politikat e ruajtjes s\u00eb natyr\u00ebs p\u00ebrmes advokim-lobimit efektiv<\/a><\/li>\n\n\n\n<li><a href=\"https:\/\/1future.feut.edu.al\/wp-content\/uploads\/2024\/10\/Advokimi_nepermjet_medias_dhe_rrjeteve_sociale.pdf\">Advokimi n\u00ebp\u00ebrmjet medias dhe rrjeteve sociale<\/a><\/li>\n\n\n\n<li><a href=\"https:\/\/1future.feut.edu.al\/wp-content\/uploads\/2024\/10\/Best_Practice_Manual_OK.pdf\">Manual on Best Fishing Practices for Small-Scale and Recreational Fishers of Karaburun-Sazani MPA<\/a><\/li>\n\n\n\n<li><a href=\"https:\/\/1future.feut.edu.al\/wp-content\/uploads\/2024\/10\/environments-06-00104.pdf\">Nature Conservation and Nature-Based Tourism: A Paradox?<\/a><\/li>\n\n\n\n<li><a href=\"https:\/\/1future.feut.edu.al\/wp-content\/uploads\/2024\/10\/Guida-e-Shkollave-te-Gjelbra.pdf\">Guida e Shkollave t\u00eb Gjelbra<\/a><\/li>\n\n\n\n<li><a href=\"https:\/\/1future.feut.edu.al\/wp-content\/uploads\/2024\/10\/Peshkaqenet-qe-duhen-mbrojtur-ne-ujerat-shqiptare.pdf\">Peshkaqenet qe duhen mbrojtur ne ujerat shqiptare<\/a><\/li>\n\n\n\n<li><a href=\"https:\/\/1future.feut.edu.al\/wp-content\/uploads\/2024\/10\/PK_Bredhi-Hotoves-Dangelli-FINAL_OK_11zon.pdf\">Bredhi i Hotov\u00ebs-Guid\u00eb p\u00ebr Edukimin Mjedisor (me fokus Zonat e Mbrojtura Natyrore)<\/a><\/li>\n\n\n\n<li><a href=\"https:\/\/1future.feut.edu.al\/wp-content\/uploads\/2024\/10\/PK_Llogora-Narta-FINAL_OK_11zon.pdf\">Llogara Narta-Guid\u00eb p\u00ebr Edukimin Mjedisor (me fokus Zonat e Mbrojtura Natyrore)<\/a><\/li>\n\n\n\n<li><a href=\"https:\/\/1future.feut.edu.al\/wp-content\/uploads\/2024\/10\/PK_Tomorri-FINAL_OK_11zon.pdf\">Tomorri-Guid\u00eb p\u00ebr Edukimin Mjedisor (me fokus Zonat e Mbrojtura Natyrore)<\/a><\/li>\n\n\n\n<li><a href=\"https:\/\/1future.feut.edu.al\/wp-content\/uploads\/2025\/11\/Sustainable-Education-and-Sustainable-Tourism-Field.pdf\">Sustainable Education and Sustainable Tourism Field<\/a><\/li>\n\n\n\n<li><a href=\"https:\/\/1future.feut.edu.al\/wp-content\/uploads\/2025\/11\/Sustainable-Construction-and-Energy-Efficiency-Field.pdf\">Sustainable Construction and Energy Efficiency Field<\/a><\/li>\n\n\n\n<li><a href=\"https:\/\/1future.feut.edu.al\/wp-content\/uploads\/2025\/11\/Risk-Management-Field.pdf\">Risk Management Field<\/a><\/li>\n\n\n\n<li><a href=\"https:\/\/1future.feut.edu.al\/wp-content\/uploads\/2025\/11\/Urban-and-Rural-Sustainability-Field-compressed-converted.pdf\">Urban and Rural Sustainability Field<\/a><\/li>\n\n\n\n<li><a href=\"https:\/\/1future.feut.edu.al\/wp-content\/uploads\/2025\/11\/Disaster-Risk-Management-and-Fire-Safety-Field-converted.pdf\">Disaster Risk Management and Fire Safety Field<\/a><\/li>\n<\/ul>\n<p>Views: 313<\/p>","protected":false},"excerpt":{"rendered":"<p>Views: 313<\/p>\n","protected":false},"author":1,"featured_media":0,"parent":0,"menu_order":0,"comment_status":"closed","ping_status":"closed","template":"","meta":{"footnotes":""},"class_list":["post-345","page","type-page","status-publish","hentry"],"yoast_head":"<!-- This site is optimized with the Yoast SEO plugin v25.6 - https:\/\/yoast.com\/wordpress\/plugins\/seo\/ -->\n<title>Research Materials -<\/title>\n<meta name=\"robots\" content=\"index, follow, max-snippet:-1, max-image-preview:large, max-video-preview:-1\" \/>\n<link rel=\"canonical\" href=\"https:\/\/1future.feut.edu.al\/?page_id=345\" \/>\n<meta property=\"og:locale\" content=\"en_US\" \/>\n<meta property=\"og:type\" content=\"article\" \/>\n<meta property=\"og:title\" content=\"Research Materials -\" \/>\n<meta property=\"og:description\" content=\"Views: 313\" \/>\n<meta property=\"og:url\" content=\"https:\/\/1future.feut.edu.al\/?page_id=345\" \/>\n<meta property=\"article:modified_time\" content=\"2026-03-25T17:25:06+00:00\" \/>\n<meta name=\"twitter:card\" content=\"summary_large_image\" \/>\n<meta name=\"twitter:label1\" content=\"Est. reading time\" \/>\n\t<meta name=\"twitter:data1\" content=\"1 minute\" \/>\n<script type=\"application\/ld+json\" class=\"yoast-schema-graph\">{\"@context\":\"https:\/\/schema.org\",\"@graph\":[{\"@type\":\"WebPage\",\"@id\":\"https:\/\/1future.feut.edu.al\/?page_id=345\",\"url\":\"https:\/\/1future.feut.edu.al\/?page_id=345\",\"name\":\"Research Materials -\",\"isPartOf\":{\"@id\":\"https:\/\/1future.feut.edu.al\/#website\"},\"datePublished\":\"2023-06-29T15:26:15+00:00\",\"dateModified\":\"2026-03-25T17:25:06+00:00\",\"breadcrumb\":{\"@id\":\"https:\/\/1future.feut.edu.al\/?page_id=345#breadcrumb\"},\"inLanguage\":\"en-US\",\"potentialAction\":[{\"@type\":\"ReadAction\",\"target\":[\"https:\/\/1future.feut.edu.al\/?page_id=345\"]}]},{\"@type\":\"BreadcrumbList\",\"@id\":\"https:\/\/1future.feut.edu.al\/?page_id=345#breadcrumb\",\"itemListElement\":[{\"@type\":\"ListItem\",\"position\":1,\"name\":\"Home\",\"item\":\"https:\/\/1future.feut.edu.al\/\"},{\"@type\":\"ListItem\",\"position\":2,\"name\":\"Research Materials\"}]},{\"@type\":\"WebSite\",\"@id\":\"https:\/\/1future.feut.edu.al\/#website\",\"url\":\"https:\/\/1future.feut.edu.al\/\",\"name\":\"\",\"description\":\"\",\"potentialAction\":[{\"@type\":\"SearchAction\",\"target\":{\"@type\":\"EntryPoint\",\"urlTemplate\":\"https:\/\/1future.feut.edu.al\/?s={search_term_string}\"},\"query-input\":{\"@type\":\"PropertyValueSpecification\",\"valueRequired\":true,\"valueName\":\"search_term_string\"}}],\"inLanguage\":\"en-US\"}]}<\/script>\n<!-- \/ Yoast SEO plugin. -->","yoast_head_json":{"title":"Research Materials -","robots":{"index":"index","follow":"follow","max-snippet":"max-snippet:-1","max-image-preview":"max-image-preview:large","max-video-preview":"max-video-preview:-1"},"canonical":"https:\/\/1future.feut.edu.al\/?page_id=345","og_locale":"en_US","og_type":"article","og_title":"Research Materials -","og_description":"Views: 313","og_url":"https:\/\/1future.feut.edu.al\/?page_id=345","article_modified_time":"2026-03-25T17:25:06+00:00","twitter_card":"summary_large_image","twitter_misc":{"Est. reading time":"1 minute"},"schema":{"@context":"https:\/\/schema.org","@graph":[{"@type":"WebPage","@id":"https:\/\/1future.feut.edu.al\/?page_id=345","url":"https:\/\/1future.feut.edu.al\/?page_id=345","name":"Research Materials -","isPartOf":{"@id":"https:\/\/1future.feut.edu.al\/#website"},"datePublished":"2023-06-29T15:26:15+00:00","dateModified":"2026-03-25T17:25:06+00:00","breadcrumb":{"@id":"https:\/\/1future.feut.edu.al\/?page_id=345#breadcrumb"},"inLanguage":"en-US","potentialAction":[{"@type":"ReadAction","target":["https:\/\/1future.feut.edu.al\/?page_id=345"]}]},{"@type":"BreadcrumbList","@id":"https:\/\/1future.feut.edu.al\/?page_id=345#breadcrumb","itemListElement":[{"@type":"ListItem","position":1,"name":"Home","item":"https:\/\/1future.feut.edu.al\/"},{"@type":"ListItem","position":2,"name":"Research Materials"}]},{"@type":"WebSite","@id":"https:\/\/1future.feut.edu.al\/#website","url":"https:\/\/1future.feut.edu.al\/","name":"","description":"","potentialAction":[{"@type":"SearchAction","target":{"@type":"EntryPoint","urlTemplate":"https:\/\/1future.feut.edu.al\/?s={search_term_string}"},"query-input":{"@type":"PropertyValueSpecification","valueRequired":true,"valueName":"search_term_string"}}],"inLanguage":"en-US"}]}},"_links":{"self":[{"href":"https:\/\/1future.feut.edu.al\/index.php?rest_route=\/wp\/v2\/pages\/345","targetHints":{"allow":["GET"]}}],"collection":[{"href":"https:\/\/1future.feut.edu.al\/index.php?rest_route=\/wp\/v2\/pages"}],"about":[{"href":"https:\/\/1future.feut.edu.al\/index.php?rest_route=\/wp\/v2\/types\/page"}],"author":[{"embeddable":true,"href":"https:\/\/1future.feut.edu.al\/index.php?rest_route=\/wp\/v2\/users\/1"}],"replies":[{"embeddable":true,"href":"https:\/\/1future.feut.edu.al\/index.php?rest_route=%2Fwp%2Fv2%2Fcomments&post=345"}],"version-history":[{"count":5,"href":"https:\/\/1future.feut.edu.al\/index.php?rest_route=\/wp\/v2\/pages\/345\/revisions"}],"predecessor-version":[{"id":2233,"href":"https:\/\/1future.feut.edu.al\/index.php?rest_route=\/wp\/v2\/pages\/345\/revisions\/2233"}],"wp:attachment":[{"href":"https:\/\/1future.feut.edu.al\/index.php?rest_route=%2Fwp%2Fv2%2Fmedia&parent=345"}],"curies":[{"name":"wp","href":"https:\/\/api.w.org\/{rel}","templated":true}]}}